{"id":77,"date":"2016-09-23T22:11:03","date_gmt":"2016-09-23T20:11:03","guid":{"rendered":"http:\/\/www.schuh-henzl.de\/?page_id=77"},"modified":"2026-03-09T18:24:02","modified_gmt":"2026-03-09T17:24:02","slug":"ueber-uns","status":"publish","type":"page","link":"https:\/\/www.schuh-henzl.de\/?page_id=77","title":{"rendered":"\u00dcber uns"},"content":{"rendered":"<h5>&#8211; Unser Gesch\u00e4ft wurde 1957 gegr\u00fcndet und befindet sich seit 1978 im Herzen von Pf\u00f6rring.<\/h5>\n<h5>&#8211; Seit dieser Zeit sind wir in der Orthop\u00e4die-Schuhtechnik sowie im Schuhverkauf t\u00e4tig.<\/h5>\n<h5>&#8211;\u00a02004 erfolgte die Zertifizierung nach EN ISO 9001:2015.<\/h5>\n<h5>&#8211; Anfang des Jahres 2010 wurden unsere Verkaufsr\u00e4ume komplett neu gestaltet.<\/h5>\n<h5>&#8211; Unser Team besteht aus drei Mitarbeiterinnen im Verkauf sowie zwei Meister in der<\/h5>\n<h5>\u00a0\u00a0 Orthop\u00e4die.<\/h5>\n","protected":false},"excerpt":{"rendered":"<p>&#8211; Unser Gesch\u00e4ft wurde 1957 gegr\u00fcndet und befindet sich seit 1978 im Herzen von Pf\u00f6rring. &#8211; Seit dieser Zeit sind wir in der Orthop\u00e4die-Schuhtechnik sowie im Schuhverkauf t\u00e4tig. &#8211;\u00a02004 erfolgte die Zertifizierung nach EN ISO 9001:2015. &#8211; Anfang des Jahres 2010 wurden unsere Verkaufsr\u00e4ume komplett neu gestaltet. &#8211; Unser Team besteht aus drei Mitarbeiterinnen im [&hellip;]<\/p>\n","protected":false},"author":3,"featured_media":715,"parent":0,"menu_order":0,"comment_status":"closed","ping_status":"closed","template":"","meta":{"footnotes":""},"class_list":["post-77","page","type-page","status-publish","has-post-thumbnail","hentry"],"yoast_head":"<!-- This site is optimized with the Yoast SEO plugin v27.1.1 - https:\/\/yoast.com\/product\/yoast-seo-wordpress\/ -->\n<title>\u00dcber uns - Schuh Henzl<\/title>\n<meta name=\"robots\" content=\"index, follow, max-snippet:-1, max-image-preview:large, max-video-preview:-1\" \/>\n<link rel=\"canonical\" href=\"https:\/\/www.schuh-henzl.de\/?page_id=77\" \/>\n<meta property=\"og:locale\" content=\"de_DE\" \/>\n<meta property=\"og:type\" content=\"article\" \/>\n<meta property=\"og:title\" content=\"\u00dcber uns - Schuh Henzl\" \/>\n<meta property=\"og:description\" content=\"&#8211; Unser Gesch\u00e4ft wurde 1957 gegr\u00fcndet und befindet sich seit 1978 im Herzen von Pf\u00f6rring. &#8211; Seit dieser Zeit sind wir in der Orthop\u00e4die-Schuhtechnik sowie im Schuhverkauf t\u00e4tig. &#8211;\u00a02004 erfolgte die Zertifizierung nach EN ISO 9001:2015. &#8211; Anfang des Jahres 2010 wurden unsere Verkaufsr\u00e4ume komplett neu gestaltet. &#8211; Unser Team besteht aus drei Mitarbeiterinnen im [&hellip;]\" \/>\n<meta property=\"og:url\" content=\"https:\/\/www.schuh-henzl.de\/?page_id=77\" \/>\n<meta property=\"og:site_name\" content=\"Schuh Henzl\" \/>\n<meta property=\"article:modified_time\" content=\"2026-03-09T17:24:02+00:00\" \/>\n<meta property=\"og:image\" content=\"https:\/\/www.schuh-henzl.de\/wp-content\/uploads\/2025\/05\/Schuh-Henzl-Belegschaft.jpeg\" \/>\n\t<meta property=\"og:image:width\" content=\"2048\" \/>\n\t<meta property=\"og:image:height\" content=\"1536\" \/>\n\t<meta property=\"og:image:type\" content=\"image\/jpeg\" \/>\n<meta name=\"twitter:card\" content=\"summary_large_image\" \/>\n<script type=\"application\/ld+json\" class=\"yoast-schema-graph\">{\"@context\":\"https:\/\/schema.org\",\"@graph\":[{\"@type\":\"WebPage\",\"@id\":\"https:\/\/www.schuh-henzl.de\/?page_id=77\",\"url\":\"https:\/\/www.schuh-henzl.de\/?page_id=77\",\"name\":\"\u00dcber uns - Schuh Henzl\",\"isPartOf\":{\"@id\":\"https:\/\/www.schuh-henzl.de\/#website\"},\"primaryImageOfPage\":{\"@id\":\"https:\/\/www.schuh-henzl.de\/?page_id=77#primaryimage\"},\"image\":{\"@id\":\"https:\/\/www.schuh-henzl.de\/?page_id=77#primaryimage\"},\"thumbnailUrl\":\"https:\/\/www.schuh-henzl.de\/wp-content\/uploads\/2025\/05\/Schuh-Henzl-Belegschaft.jpeg\",\"datePublished\":\"2016-09-23T20:11:03+00:00\",\"dateModified\":\"2026-03-09T17:24:02+00:00\",\"breadcrumb\":{\"@id\":\"https:\/\/www.schuh-henzl.de\/?page_id=77#breadcrumb\"},\"inLanguage\":\"de\",\"potentialAction\":[{\"@type\":\"ReadAction\",\"target\":[\"https:\/\/www.schuh-henzl.de\/?page_id=77\"]}]},{\"@type\":\"ImageObject\",\"inLanguage\":\"de\",\"@id\":\"https:\/\/www.schuh-henzl.de\/?page_id=77#primaryimage\",\"url\":\"https:\/\/www.schuh-henzl.de\/wp-content\/uploads\/2025\/05\/Schuh-Henzl-Belegschaft.jpeg\",\"contentUrl\":\"https:\/\/www.schuh-henzl.de\/wp-content\/uploads\/2025\/05\/Schuh-Henzl-Belegschaft.jpeg\",\"width\":2048,\"height\":1536,\"caption\":\"Schuh Henzl Belegschaft 2025\"},{\"@type\":\"BreadcrumbList\",\"@id\":\"https:\/\/www.schuh-henzl.de\/?page_id=77#breadcrumb\",\"itemListElement\":[{\"@type\":\"ListItem\",\"position\":1,\"name\":\"Startseite\",\"item\":\"https:\/\/www.schuh-henzl.de\/\"},{\"@type\":\"ListItem\",\"position\":2,\"name\":\"\u00dcber uns\"}]},{\"@type\":\"WebSite\",\"@id\":\"https:\/\/www.schuh-henzl.de\/#website\",\"url\":\"https:\/\/www.schuh-henzl.de\/\",\"name\":\"Schuh Henzl\",\"description\":\"Herzlich Willkommen bei Henzl Schuhmoden &amp;\u00a0Orthop\u00e4die in Pf\u00f6rring!\",\"potentialAction\":[{\"@type\":\"SearchAction\",\"target\":{\"@type\":\"EntryPoint\",\"urlTemplate\":\"https:\/\/www.schuh-henzl.de\/?s={search_term_string}\"},\"query-input\":{\"@type\":\"PropertyValueSpecification\",\"valueRequired\":true,\"valueName\":\"search_term_string\"}}],\"inLanguage\":\"de\"}]}<\/script>\n<!-- \/ Yoast SEO plugin. -->","yoast_head_json":{"title":"\u00dcber uns - Schuh Henzl","robots":{"index":"index","follow":"follow","max-snippet":"max-snippet:-1","max-image-preview":"max-image-preview:large","max-video-preview":"max-video-preview:-1"},"canonical":"https:\/\/www.schuh-henzl.de\/?page_id=77","og_locale":"de_DE","og_type":"article","og_title":"\u00dcber uns - Schuh Henzl","og_description":"&#8211; Unser Gesch\u00e4ft wurde 1957 gegr\u00fcndet und befindet sich seit 1978 im Herzen von Pf\u00f6rring. &#8211; Seit dieser Zeit sind wir in der Orthop\u00e4die-Schuhtechnik sowie im Schuhverkauf t\u00e4tig. &#8211;\u00a02004 erfolgte die Zertifizierung nach EN ISO 9001:2015. &#8211; Anfang des Jahres 2010 wurden unsere Verkaufsr\u00e4ume komplett neu gestaltet. &#8211; Unser Team besteht aus drei Mitarbeiterinnen im [&hellip;]","og_url":"https:\/\/www.schuh-henzl.de\/?page_id=77","og_site_name":"Schuh Henzl","article_modified_time":"2026-03-09T17:24:02+00:00","og_image":[{"width":2048,"height":1536,"url":"https:\/\/www.schuh-henzl.de\/wp-content\/uploads\/2025\/05\/Schuh-Henzl-Belegschaft.jpeg","type":"image\/jpeg"}],"twitter_card":"summary_large_image","schema":{"@context":"https:\/\/schema.org","@graph":[{"@type":"WebPage","@id":"https:\/\/www.schuh-henzl.de\/?page_id=77","url":"https:\/\/www.schuh-henzl.de\/?page_id=77","name":"\u00dcber uns - Schuh Henzl","isPartOf":{"@id":"https:\/\/www.schuh-henzl.de\/#website"},"primaryImageOfPage":{"@id":"https:\/\/www.schuh-henzl.de\/?page_id=77#primaryimage"},"image":{"@id":"https:\/\/www.schuh-henzl.de\/?page_id=77#primaryimage"},"thumbnailUrl":"https:\/\/www.schuh-henzl.de\/wp-content\/uploads\/2025\/05\/Schuh-Henzl-Belegschaft.jpeg","datePublished":"2016-09-23T20:11:03+00:00","dateModified":"2026-03-09T17:24:02+00:00","breadcrumb":{"@id":"https:\/\/www.schuh-henzl.de\/?page_id=77#breadcrumb"},"inLanguage":"de","potentialAction":[{"@type":"ReadAction","target":["https:\/\/www.schuh-henzl.de\/?page_id=77"]}]},{"@type":"ImageObject","inLanguage":"de","@id":"https:\/\/www.schuh-henzl.de\/?page_id=77#primaryimage","url":"https:\/\/www.schuh-henzl.de\/wp-content\/uploads\/2025\/05\/Schuh-Henzl-Belegschaft.jpeg","contentUrl":"https:\/\/www.schuh-henzl.de\/wp-content\/uploads\/2025\/05\/Schuh-Henzl-Belegschaft.jpeg","width":2048,"height":1536,"caption":"Schuh Henzl Belegschaft 2025"},{"@type":"BreadcrumbList","@id":"https:\/\/www.schuh-henzl.de\/?page_id=77#breadcrumb","itemListElement":[{"@type":"ListItem","position":1,"name":"Startseite","item":"https:\/\/www.schuh-henzl.de\/"},{"@type":"ListItem","position":2,"name":"\u00dcber uns"}]},{"@type":"WebSite","@id":"https:\/\/www.schuh-henzl.de\/#website","url":"https:\/\/www.schuh-henzl.de\/","name":"Schuh Henzl","description":"Herzlich Willkommen bei Henzl Schuhmoden &amp;\u00a0Orthop\u00e4die in Pf\u00f6rring!","potentialAction":[{"@type":"SearchAction","target":{"@type":"EntryPoint","urlTemplate":"https:\/\/www.schuh-henzl.de\/?s={search_term_string}"},"query-input":{"@type":"PropertyValueSpecification","valueRequired":true,"valueName":"search_term_string"}}],"inLanguage":"de"}]}},"_links":{"self":[{"href":"https:\/\/www.schuh-henzl.de\/index.php?rest_route=\/wp\/v2\/pages\/77","targetHints":{"allow":["GET"]}}],"collection":[{"href":"https:\/\/www.schuh-henzl.de\/index.php?rest_route=\/wp\/v2\/pages"}],"about":[{"href":"https:\/\/www.schuh-henzl.de\/index.php?rest_route=\/wp\/v2\/types\/page"}],"author":[{"embeddable":true,"href":"https:\/\/www.schuh-henzl.de\/index.php?rest_route=\/wp\/v2\/users\/3"}],"replies":[{"embeddable":true,"href":"https:\/\/www.schuh-henzl.de\/index.php?rest_route=%2Fwp%2Fv2%2Fcomments&post=77"}],"version-history":[{"count":19,"href":"https:\/\/www.schuh-henzl.de\/index.php?rest_route=\/wp\/v2\/pages\/77\/revisions"}],"predecessor-version":[{"id":197,"href":"https:\/\/www.schuh-henzl.de\/index.php?rest_route=\/wp\/v2\/pages\/77\/revisions\/197"}],"wp:featuredmedia":[{"embeddable":true,"href":"https:\/\/www.schuh-henzl.de\/index.php?rest_route=\/wp\/v2\/media\/715"}],"wp:attachment":[{"href":"https:\/\/www.schuh-henzl.de\/index.php?rest_route=%2Fwp%2Fv2%2Fmedia&parent=77"}],"curies":[{"name":"wp","href":"https:\/\/api.w.org\/{rel}","templated":true}]}}